{"id":1292,"date":"2018-10-25T15:26:09","date_gmt":"2018-10-25T15:26:09","guid":{"rendered":"http:\/\/wordpress-89239-751427.cloudwaysapps.com\/?page_id=1292"},"modified":"2023-09-29T16:12:23","modified_gmt":"2023-09-29T16:12:23","slug":"about-homey","status":"publish","type":"page","link":"https:\/\/casaflordelis.com\/pt\/about-homey\/","title":{"rendered":"About Homey"},"content":{"rendered":"<p>[vc_row css=&#8221;.vc_custom_1540484653733{margin-bottom: 30px !important;padding-right: 30px !important;padding-left: 30px !important;background-color: #ffffff !important;}&#8221;][vc_column]\t\t<div class=\"homey-module module-title section-title-module text-left \">\r\n\t\t\t<h2 >Sobre n\u00f3s<\/h2>\r\n\r\n\t\t\t<p  class=\"sub-heading\">Casa Flor de Lis, 14 de Agosto de 2023<\/p>\r\n\t\t<\/div>\r\n\t\t[vc_row_inner][vc_column_inner width=&#8221;1\/2&#8243;][vc_column_text]<\/p>\n<div align=\"justify\">\n<p class=\"p1\"><strong>Administradores<\/strong><\/p>\n<p class=\"p1\"><strong>Lu\u00edsa<\/strong> construiu a Casa Flor de Lis em 2023.<\/p>\n<p class=\"p1\">Localizada na sua terra natal, Vieira do Minho, esta casa \u00e9 um sonho tornado realidade. Apaixonada pelas belas paisagens do Ger\u00eas e com imensa experi\u00eancia na \u00e1rea do alojamento local, Lu\u00edsa transformou ru\u00ednas abandonadas num edif\u00edcio moderno com detalhes cl\u00e1ssicos.<\/p>\n<p class=\"p1\">O seu objectivo \u00e9 que todos possam desfrutar da natureza do Parque Nacional Peneda-Ger\u00eas e da bela paisagem que a Casa Flor de Lis oferece.<\/p>\n<p><strong>Micael<\/strong> \u00e9 filho e co-anfitri\u00e3o de Luisa. Adora natureza, descobrir s\u00edtios novos e o seu objetivo \u00e9 ajudar os h\u00f3spedes a ter uma experi\u00eancia inesquec\u00edvel no Ger\u00eas.<\/p>\n<\/div>\n<p>[\/vc_column_text][\/vc_column_inner][vc_column_inner width=&#8221;1\/2&#8243;][vc_column_text]<\/p>\n<div align=\"justify\">\n<p class=\"p1\"><strong>Raz\u00f5es para vir<\/strong><\/p>\n<p class=\"p1\">Apenas a 5 minutos (de carro) da Praia Fluvial de Alqueir\u00e3o e outras praias principais do Ger\u00eas, a Casa Flor de Lis permite viver todo o encanto e serenidade do mundo rural e estar perto de muitas atrac\u00f5es no Ger\u00eas.<\/p>\n<p class=\"p1\">A casa foi inaugurada em 2023, est\u00e1 equipada com materiais elegantes e modernos e \u00e9 perfeita para disfrutar de umas f\u00e9rias com a sua fam\u00edlia ou amigos.<\/p>\n<p class=\"p1\">Tanto a casa como a piscina exterior e jardins t\u00eam uma fant\u00e1stica exposi\u00e7\u00e3o solar e todos os fins de dia s\u00e3o brindados com um p\u00f4r-do-sol incr\u00edvel que convida o grupo a um agrad\u00e1vel conv\u00edvio nos terra\u00e7os.<\/p>\n<p class=\"p1\">Todos os quartos disp\u00f5em de WC privativo, assim como arruma\u00e7\u00e3o, roupa de cama, toalhas e ar condicionado. Tudo para uma estadia confort\u00e1vel.<\/p>\n<\/div>\n<p>[\/vc_column_text][\/vc_column_inner][\/vc_row_inner]<div style=\"clear:both; width:100%; height:50px\"><\/div>[\/vc_column][\/vc_row][vc_row disable_element=&#8221;yes&#8221; css=&#8221;.vc_custom_1692877668076{margin-bottom: 30px !important;padding-right: 30px !important;padding-left: 30px !important;background-color: #ffffff !important;}&#8221;][vc_column]\t\t<div class=\"homey-module module-title section-title-module text-left \">\r\n\t\t\t<h2 >Our Team<\/h2>\r\n\r\n\t\t\t<p  class=\"sub-heading\"><\/p>\r\n\t\t<\/div>\r\n\t\t<div style=\"clear:both; width:100%; height:20px\"><\/div>[vc_row_inner equal_height=&#8221;yes&#8221;][vc_column_inner width=&#8221;1\/3&#8243;]\t\t<div class=\"item-promo\">\r\n\t\t\t<div class=\"media\">\r\n\t\t\t\t\t\t\t\t<div class=\"item-promo-image\">\r\n\t\t\t\t\t<div class=\"item-media item-media-thumb\">\r\n\t\t\t\t\t\t<a href=\"\">\r\n\t\t\t\t\t\t\t\t\t\t\t\t\t<\/a>\r\n\t\t\t\t\t<\/div>\r\n\t\t\t\t<\/div>\r\n\t\t\t\t\t\t\t\t<div class=\"media-body item-body\">\r\n\t\t\t\t\t<div class=\"item-title-head\">\r\n\t\t\t\t\t\t<div class=\"text-left\">\r\n\t\t\t\t\t\t\t<h2 class=\"title\">\r\n\t\t\t\t\t\t\t\t<a href=\"\">Quality<\/a>\r\n\t\t\t\t\t\t\t<\/h2>\r\n\t\t\t\t\t\t\t<\/p>\n<div class=\"elementor-column elementor-col-33 elementor-inner-column elementor-element elementor-element-7742097\" data-id=\"7742097\" data-element_type=\"column\">\n<div class=\"elementor-column-wrap elementor-element-populated\">\n<div class=\"elementor-widget-wrap\">\n<div class=\"elementor-element elementor-element-fdcf6f3 elementor-widget elementor-widget-text-editor\" data-id=\"fdcf6f3\" data-element_type=\"widget\" data-widget_type=\"text-editor.default\">\n<div class=\"elementor-widget-container\">\n<div class=\"elementor-text-editor elementor-clearfix\">\n<p>Lorem ipsum dolor sit amet, consectetur adipiscing elit. Quisque quis ligula eu lectus vulputate porttitor sed feugiat nunc. Mauris ac consectetur ante, dapibus gravida tellus. Nullam aliquet eleifend dapibus.<\/p>\n<\/div>\n<\/div>\n<\/div>\n<\/div>\n<\/div>\n<\/div>\n<p>\t\t\t\t\t\t<\/div>\r\n\t\t\t\t\t<\/div>\r\n\t\t\t\t\t\t\t\t\t<\/div>\r\n\t\t\t<\/div>\r\n\t\t<\/div>\r\n\r\n\t\t[\/vc_column_inner][vc_column_inner width=&#8221;1\/3&#8243;]\t\t<div class=\"item-promo\">\r\n\t\t\t<div class=\"media\">\r\n\t\t\t\t\t\t\t\t<div class=\"item-promo-image\">\r\n\t\t\t\t\t<div class=\"item-media item-media-thumb\">\r\n\t\t\t\t\t\t<a href=\"\">\r\n\t\t\t\t\t\t\t\t\t\t\t\t\t<\/a>\r\n\t\t\t\t\t<\/div>\r\n\t\t\t\t<\/div>\r\n\t\t\t\t\t\t\t\t<div class=\"media-body item-body\">\r\n\t\t\t\t\t<div class=\"item-title-head\">\r\n\t\t\t\t\t\t<div class=\"text-left\">\r\n\t\t\t\t\t\t\t<h2 class=\"title\">\r\n\t\t\t\t\t\t\t\t<a href=\"\">Teamwork<\/a>\r\n\t\t\t\t\t\t\t<\/h2>\r\n\t\t\t\t\t\t\t<\/p>\n<div class=\"elementor-column elementor-col-33 elementor-inner-column elementor-element elementor-element-7742097\" data-id=\"7742097\" data-element_type=\"column\">\n<div class=\"elementor-column-wrap elementor-element-populated\">\n<div class=\"elementor-widget-wrap\">\n<div class=\"elementor-element elementor-element-fdcf6f3 elementor-widget elementor-widget-text-editor\" data-id=\"fdcf6f3\" data-element_type=\"widget\" data-widget_type=\"text-editor.default\">\n<div class=\"elementor-widget-container\">\n<div class=\"elementor-text-editor elementor-clearfix\">\n<p>Lorem ipsum dolor sit amet, consectetur adipiscing elit. Quisque quis ligula eu lectus vulputate porttitor sed feugiat nunc. Mauris ac consectetur ante, dapibus gravida tellus. Nullam aliquet eleifend dapibus.<\/p>\n<\/div>\n<\/div>\n<\/div>\n<\/div>\n<\/div>\n<\/div>\n<p>\t\t\t\t\t\t<\/div>\r\n\t\t\t\t\t<\/div>\r\n\t\t\t\t\t\t\t\t\t<\/div>\r\n\t\t\t<\/div>\r\n\t\t<\/div>\r\n\r\n\t\t[\/vc_column_inner][vc_column_inner width=&#8221;1\/3&#8243;]\t\t<div class=\"item-promo\">\r\n\t\t\t<div class=\"media\">\r\n\t\t\t\t\t\t\t\t<div class=\"item-promo-image\">\r\n\t\t\t\t\t<div class=\"item-media item-media-thumb\">\r\n\t\t\t\t\t\t<a href=\"\">\r\n\t\t\t\t\t\t\t\t\t\t\t\t\t<\/a>\r\n\t\t\t\t\t<\/div>\r\n\t\t\t\t<\/div>\r\n\t\t\t\t\t\t\t\t<div class=\"media-body item-body\">\r\n\t\t\t\t\t<div class=\"item-title-head\">\r\n\t\t\t\t\t\t<div class=\"text-left\">\r\n\t\t\t\t\t\t\t<h2 class=\"title\">\r\n\t\t\t\t\t\t\t\t<a href=\"\">Respect<\/a>\r\n\t\t\t\t\t\t\t<\/h2>\r\n\t\t\t\t\t\t\t<\/p>\n<div class=\"elementor-column elementor-col-33 elementor-inner-column elementor-element elementor-element-7742097\" data-id=\"7742097\" data-element_type=\"column\">\n<div class=\"elementor-column-wrap elementor-element-populated\">\n<div class=\"elementor-widget-wrap\">\n<div class=\"elementor-element elementor-element-fdcf6f3 elementor-widget elementor-widget-text-editor\" data-id=\"fdcf6f3\" data-element_type=\"widget\" data-widget_type=\"text-editor.default\">\n<div class=\"elementor-widget-container\">\n<div class=\"elementor-text-editor elementor-clearfix\">\n<p>Lorem ipsum dolor sit amet, consectetur adipiscing elit. Quisque quis ligula eu lectus vulputate porttitor sed feugiat nunc. Mauris ac consectetur ante, dapibus gravida tellus. Nullam aliquet eleifend dapibus.<\/p>\n<\/div>\n<\/div>\n<\/div>\n<\/div>\n<\/div>\n<\/div>\n<p>\t\t\t\t\t\t<\/div>\r\n\t\t\t\t\t<\/div>\r\n\t\t\t\t\t\t\t\t\t<\/div>\r\n\t\t\t<\/div>\r\n\t\t<\/div>\r\n\r\n\t\t[\/vc_column_inner][\/vc_row_inner][vc_row_inner equal_height=&#8221;yes&#8221;][vc_column_inner width=&#8221;1\/3&#8243;]\t\t<div class=\"item-promo\">\r\n\t\t\t<div class=\"media\">\r\n\t\t\t\t\t\t\t\t<div class=\"item-promo-image\">\r\n\t\t\t\t\t<div class=\"item-media item-media-thumb\">\r\n\t\t\t\t\t\t<a href=\"\">\r\n\t\t\t\t\t\t\t<img loading=\"lazy\" decoding=\"async\" width=\"750\" height=\"500\" src=\"https:\/\/casaflordelis.com\/wp-content\/uploads\/2018\/10\/33-750x500-1.jpg\" class=\"img-responsive\" alt=\"\" srcset=\"https:\/\/casaflordelis.com\/wp-content\/uploads\/2018\/10\/33-750x500-1.jpg 750w, https:\/\/casaflordelis.com\/wp-content\/uploads\/2018\/10\/33-750x500-1-300x200.jpg 300w, https:\/\/casaflordelis.com\/wp-content\/uploads\/2018\/10\/33-750x500-1-450x300.jpg 450w, https:\/\/casaflordelis.com\/wp-content\/uploads\/2018\/10\/33-750x500-1-120x80.jpg 120w\" sizes=\"(max-width: 750px) 100vw, 750px\" \/>\t\t\t\t\t\t<\/a>\r\n\t\t\t\t\t<\/div>\r\n\t\t\t\t<\/div>\r\n\t\t\t\t\t\t\t\t<div class=\"media-body item-body\">\r\n\t\t\t\t\t<div class=\"item-title-head\">\r\n\t\t\t\t\t\t<div class=\"text-left\">\r\n\t\t\t\t\t\t\t<h2 class=\"title\">\r\n\t\t\t\t\t\t\t\t<a href=\"\">Integrity<\/a>\r\n\t\t\t\t\t\t\t<\/h2>\r\n\t\t\t\t\t\t\t<\/p>\n<div class=\"elementor-column elementor-col-33 elementor-inner-column elementor-element elementor-element-7742097\" data-id=\"7742097\" data-element_type=\"column\">\n<div class=\"elementor-column-wrap elementor-element-populated\">\n<div class=\"elementor-widget-wrap\">\n<div class=\"elementor-element elementor-element-fdcf6f3 elementor-widget elementor-widget-text-editor\" data-id=\"fdcf6f3\" data-element_type=\"widget\" data-widget_type=\"text-editor.default\">\n<div class=\"elementor-widget-container\">\n<div class=\"elementor-text-editor elementor-clearfix\">\n<p>Lorem ipsum dolor sit amet, consectetur adipiscing elit. Quisque quis ligula eu lectus vulputate porttitor sed feugiat nunc. Mauris ac consectetur ante, dapibus gravida tellus. Nullam aliquet eleifend dapibus.<\/p>\n<\/div>\n<\/div>\n<\/div>\n<\/div>\n<\/div>\n<\/div>\n<p>\t\t\t\t\t\t<\/div>\r\n\t\t\t\t\t<\/div>\r\n\t\t\t\t\t\t\t\t\t<\/div>\r\n\t\t\t<\/div>\r\n\t\t<\/div>\r\n\r\n\t\t[\/vc_column_inner][vc_column_inner width=&#8221;1\/3&#8243;]\t\t<div class=\"item-promo\">\r\n\t\t\t<div class=\"media\">\r\n\t\t\t\t\t\t\t\t<div class=\"item-promo-image\">\r\n\t\t\t\t\t<div class=\"item-media item-media-thumb\">\r\n\t\t\t\t\t\t<a href=\"\">\r\n\t\t\t\t\t\t\t<img loading=\"lazy\" decoding=\"async\" width=\"889\" height=\"500\" src=\"https:\/\/casaflordelis.com\/wp-content\/uploads\/2018\/10\/02-2-889x500-1.jpg\" class=\"img-responsive\" alt=\"\" srcset=\"https:\/\/casaflordelis.com\/wp-content\/uploads\/2018\/10\/02-2-889x500-1.jpg 889w, https:\/\/casaflordelis.com\/wp-content\/uploads\/2018\/10\/02-2-889x500-1-300x169.jpg 300w, https:\/\/casaflordelis.com\/wp-content\/uploads\/2018\/10\/02-2-889x500-1-768x432.jpg 768w\" sizes=\"(max-width: 889px) 100vw, 889px\" \/>\t\t\t\t\t\t<\/a>\r\n\t\t\t\t\t<\/div>\r\n\t\t\t\t<\/div>\r\n\t\t\t\t\t\t\t\t<div class=\"media-body item-body\">\r\n\t\t\t\t\t<div class=\"item-title-head\">\r\n\t\t\t\t\t\t<div class=\"text-left\">\r\n\t\t\t\t\t\t\t<h2 class=\"title\">\r\n\t\t\t\t\t\t\t\t<a href=\"\">Responsibility<\/a>\r\n\t\t\t\t\t\t\t<\/h2>\r\n\t\t\t\t\t\t\t<\/p>\n<div class=\"elementor-column elementor-col-33 elementor-inner-column elementor-element elementor-element-7742097\" data-id=\"7742097\" data-element_type=\"column\">\n<div class=\"elementor-column-wrap elementor-element-populated\">\n<div class=\"elementor-widget-wrap\">\n<div class=\"elementor-element elementor-element-fdcf6f3 elementor-widget elementor-widget-text-editor\" data-id=\"fdcf6f3\" data-element_type=\"widget\" data-widget_type=\"text-editor.default\">\n<div class=\"elementor-widget-container\">\n<div class=\"elementor-text-editor elementor-clearfix\">\n<p>Lorem ipsum dolor sit amet, consectetur adipiscing elit. Quisque quis ligula eu lectus vulputate porttitor sed feugiat nunc. Mauris ac consectetur ante, dapibus gravida tellus. Nullam aliquet eleifend dapibus.<\/p>\n<\/div>\n<\/div>\n<\/div>\n<\/div>\n<\/div>\n<\/div>\n<p>\t\t\t\t\t\t<\/div>\r\n\t\t\t\t\t<\/div>\r\n\t\t\t\t\t\t\t\t\t<\/div>\r\n\t\t\t<\/div>\r\n\t\t<\/div>\r\n\r\n\t\t[\/vc_column_inner][vc_column_inner width=&#8221;1\/3&#8243;]\t\t<div class=\"item-promo\">\r\n\t\t\t<div class=\"media\">\r\n\t\t\t\t\t\t\t\t<div class=\"item-promo-image\">\r\n\t\t\t\t\t<div class=\"item-media item-media-thumb\">\r\n\t\t\t\t\t\t<a href=\"\">\r\n\t\t\t\t\t\t\t<img loading=\"lazy\" decoding=\"async\" width=\"750\" height=\"500\" src=\"https:\/\/casaflordelis.com\/wp-content\/uploads\/2018\/10\/00_bathroom-2-750x500-2.jpg\" class=\"img-responsive\" alt=\"\" srcset=\"https:\/\/casaflordelis.com\/wp-content\/uploads\/2018\/10\/00_bathroom-2-750x500-2.jpg 750w, https:\/\/casaflordelis.com\/wp-content\/uploads\/2018\/10\/00_bathroom-2-750x500-2-300x200.jpg 300w, https:\/\/casaflordelis.com\/wp-content\/uploads\/2018\/10\/00_bathroom-2-750x500-2-450x300.jpg 450w, https:\/\/casaflordelis.com\/wp-content\/uploads\/2018\/10\/00_bathroom-2-750x500-2-120x80.jpg 120w\" sizes=\"(max-width: 750px) 100vw, 750px\" \/>\t\t\t\t\t\t<\/a>\r\n\t\t\t\t\t<\/div>\r\n\t\t\t\t<\/div>\r\n\t\t\t\t\t\t\t\t<div class=\"media-body item-body\">\r\n\t\t\t\t\t<div class=\"item-title-head\">\r\n\t\t\t\t\t\t<div class=\"text-left\">\r\n\t\t\t\t\t\t\t<h2 class=\"title\">\r\n\t\t\t\t\t\t\t\t<a href=\"\">Innovative<\/a>\r\n\t\t\t\t\t\t\t<\/h2>\r\n\t\t\t\t\t\t\t<\/p>\n<div class=\"elementor-column elementor-col-33 elementor-inner-column elementor-element elementor-element-7742097\" data-id=\"7742097\" data-element_type=\"column\">\n<div class=\"elementor-column-wrap elementor-element-populated\">\n<div class=\"elementor-widget-wrap\">\n<div class=\"elementor-element elementor-element-fdcf6f3 elementor-widget elementor-widget-text-editor\" data-id=\"fdcf6f3\" data-element_type=\"widget\" data-widget_type=\"text-editor.default\">\n<div class=\"elementor-widget-container\">\n<div class=\"elementor-text-editor elementor-clearfix\">\n<p>Lorem ipsum dolor sit amet, consectetur adipiscing elit. Quisque quis ligula eu lectus vulputate porttitor sed feugiat nunc. Mauris ac consectetur ante, dapibus gravida tellus. Nullam aliquet eleifend dapibus.<\/p>\n<\/div>\n<\/div>\n<\/div>\n<\/div>\n<\/div>\n<\/div>\n<p>\t\t\t\t\t\t<\/div>\r\n\t\t\t\t\t<\/div>\r\n\t\t\t\t\t\t\t\t\t<\/div>\r\n\t\t\t<\/div>\r\n\t\t<\/div>\r\n\r\n\t\t[\/vc_column_inner][\/vc_row_inner][\/vc_column][\/vc_row]<\/p>\n","protected":false},"excerpt":{"rendered":"<p>[vc_row css=&#8221;.vc_custom_1540484653733{margin-bottom: 30px !important;padding-right: 30px !important;padding-left: 30px !important;background-color: #ffffff !important;}&#8221;][vc_column][vc_row_inner][vc_column_inner width=&#8221;1\/2&#8243;][vc_column_text] Administradores Lu\u00edsa construiu a Casa Flor de Lis em 2023. Localizada na sua terra natal, Vieira do Minho, esta casa \u00e9 um sonho tornado realidade. Apaixonada pelas belas paisagens do Ger\u00eas e com imensa experi\u00eancia na \u00e1rea do alojamento local, Lu\u00edsa transformou ru\u00ednas abandonadas [&hellip;]<\/p>\n","protected":false},"author":1,"featured_media":0,"parent":0,"menu_order":0,"comment_status":"closed","ping_status":"closed","template":"template\/template-homepage.php","meta":{"inline_featured_image":false,"footnotes":"","_joinchat":[]},"_links":{"self":[{"href":"https:\/\/casaflordelis.com\/pt\/wp-json\/wp\/v2\/pages\/1292"}],"collection":[{"href":"https:\/\/casaflordelis.com\/pt\/wp-json\/wp\/v2\/pages"}],"about":[{"href":"https:\/\/casaflordelis.com\/pt\/wp-json\/wp\/v2\/types\/page"}],"author":[{"embeddable":true,"href":"https:\/\/casaflordelis.com\/pt\/wp-json\/wp\/v2\/users\/1"}],"replies":[{"embeddable":true,"href":"https:\/\/casaflordelis.com\/pt\/wp-json\/wp\/v2\/comments?post=1292"}],"version-history":[{"count":9,"href":"https:\/\/casaflordelis.com\/pt\/wp-json\/wp\/v2\/pages\/1292\/revisions"}],"predecessor-version":[{"id":2937,"href":"https:\/\/casaflordelis.com\/pt\/wp-json\/wp\/v2\/pages\/1292\/revisions\/2937"}],"wp:attachment":[{"href":"https:\/\/casaflordelis.com\/pt\/wp-json\/wp\/v2\/media?parent=1292"}],"curies":[{"name":"wp","href":"https:\/\/api.w.org\/{rel}","templated":true}]}}